{"id":128,"date":"2024-07-05T16:59:26","date_gmt":"2024-07-05T14:59:26","guid":{"rendered":"https:\/\/leclosdesaulnes.com\/?page_id=128"},"modified":"2024-12-15T23:05:11","modified_gmt":"2024-12-15T22:05:11","slug":"photos-suite-anahe","status":"publish","type":"page","link":"https:\/\/leclosdesaulnes.com\/index.php\/photos-suite-anahe\/","title":{"rendered":"Galerie photos suite anah\u00e9"},"content":{"rendered":"\n[et_pb_section fb_built=&#8221;1&#8243; admin_label=&#8221;Hero Section&#8221; _builder_version=&#8221;4.26.0&#8243; background_color=&#8221;#9B7695&#8243; custom_padding=&#8221;80px|0px|80px|0px&#8221; animation_style=&#8221;slide&#8221; animation_direction=&#8221;top&#8221; animation_intensity_slide=&#8221;2%&#8221; animation_starting_opacity=&#8221;100%&#8221; locked=&#8221;off&#8221; global_colors_info=&#8221;{}&#8221;][et_pb_row _builder_version=&#8221;4.16&#8243; background_size=&#8221;initial&#8221; background_position=&#8221;top_left&#8221; background_repeat=&#8221;repeat&#8221; custom_padding=&#8221;|||&#8221; custom_width_px=&#8221;1440px&#8221; global_colors_info=&#8221;{}&#8221;][et_pb_column type=&#8221;4_4&#8243; _builder_version=&#8221;4.16&#8243; custom_padding=&#8221;|||&#8221; global_colors_info=&#8221;{}&#8221; custom_padding__hover=&#8221;|||&#8221;][et_pb_text _builder_version=&#8221;4.26.0&#8243; text_font=&#8221;||||||||&#8221; header_font=&#8221;Aboreto|700|||||||&#8221; header_text_color=&#8221;#ffffff&#8221; header_font_size=&#8221;60px&#8221; header_line_height=&#8221;1.5em&#8221; header_2_font=&#8221;||||||||&#8221; header_3_font=&#8221;||||||||&#8221; header_4_font=&#8221;||||||||&#8221; header_5_font=&#8221;||||||||&#8221; header_6_font=&#8221;||||||||&#8221; background_size=&#8221;initial&#8221; background_position=&#8221;top_left&#8221; background_repeat=&#8221;repeat&#8221; text_orientation=&#8221;center&#8221; module_alignment=&#8221;center&#8221; custom_margin=&#8221;||20px|&#8221; locked=&#8221;off&#8221; global_colors_info=&#8221;{}&#8221;]<h1>Suite Anah\u00e9<\/h1>[\/et_pb_text][et_pb_text _builder_version=&#8221;4.26.0&#8243; text_font=&#8221;Aboreto||||||||&#8221; text_text_color=&#8221;rgba(255,255,255,0.8)&#8221; text_font_size=&#8221;18px&#8221; text_line_height=&#8221;1.8em&#8221; header_font=&#8221;Aboreto||||||||&#8221; header_2_font=&#8221;Aboreto||||||||&#8221; text_orientation=&#8221;center&#8221; max_width=&#8221;600px&#8221; module_alignment=&#8221;center&#8221; locked=&#8221;off&#8221; global_colors_info=&#8221;{}&#8221;]<p>Votre g\u00eete romantique en Normandie<\/p>[\/et_pb_text][\/et_pb_column][\/et_pb_row][\/et_pb_section][et_pb_section fb_built=&#8221;1&#8243; _builder_version=&#8221;4.26.0&#8243; background_color=&#8221;#f5e4fd&#8221; custom_padding=&#8221;|||&#8221; global_colors_info=&#8221;{}&#8221;][et_pb_row column_structure=&#8221;1_3,1_3,1_3&#8243; use_custom_gutter=&#8221;on&#8221; _builder_version=&#8221;4.26.0&#8243; max_width=&#8221;1280px&#8221; custom_margin=&#8221;|||&#8221; custom_padding=&#8221;|||&#8221; use_custom_width=&#8221;on&#8221; custom_width_px=&#8221;1280px&#8221; global_colors_info=&#8221;{}&#8221;][et_pb_column type=&#8221;1_3&#8243; _builder_version=&#8221;4.16&#8243; custom_padding=&#8221;|||&#8221; global_colors_info=&#8221;{}&#8221; custom_padding__hover=&#8221;|||&#8221;][et_pb_image src=&#8221;http:\/\/leclosdesaulnes.com\/wp-content\/uploads\/2024\/07\/061f0-IMG-f54c4_1719045337_502b468.jpeg&#8221; title_text=&#8221;061f0-IMG-f54c4_1719045337_502b468&#8243; show_in_lightbox=&#8221;on&#8221; use_overlay=&#8221;on&#8221; overlay_icon_color=&#8221;rgba(0,0,0,0.22)&#8221; hover_overlay_color=&#8221;rgba(255,255,255,0.29)&#8221; align_tablet=&#8221;center&#8221; align_phone=&#8221;center&#8221; align_last_edited=&#8221;on|desktop&#8221; _builder_version=&#8221;4.26.0&#8243; custom_margin=&#8221;||15%|&#8221; animation_style=&#8221;slide&#8221; animation_direction=&#8221;bottom&#8221; animation_intensity_slide=&#8221;4%&#8221; global_colors_info=&#8221;{}&#8221;][\/et_pb_image][et_pb_image src=&#8221;http:\/\/leclosdesaulnes.com\/wp-content\/uploads\/2024\/07\/0953e-IMG-6e48b_1719045157_ac3cec5.jpeg&#8221; title_text=&#8221;0953e-IMG-6e48b_1719045157_ac3cec5&#8243; show_in_lightbox=&#8221;on&#8221; use_overlay=&#8221;on&#8221; overlay_icon_color=&#8221;rgba(0,0,0,0.22)&#8221; hover_overlay_color=&#8221;rgba(255,255,255,0.29)&#8221; align_tablet=&#8221;center&#8221; align_phone=&#8221;center&#8221; align_last_edited=&#8221;on|desktop&#8221; _builder_version=&#8221;4.26.0&#8243; custom_margin=&#8221;||15%|&#8221; animation_style=&#8221;slide&#8221; animation_direction=&#8221;bottom&#8221; animation_intensity_slide=&#8221;4%&#8221; locked=&#8221;off&#8221; global_colors_info=&#8221;{}&#8221;][\/et_pb_image][et_pb_image src=&#8221;http:\/\/leclosdesaulnes.com\/wp-content\/uploads\/2024\/07\/2f0e4-IMG-f6b09_1719045368_dcdfa0f.jpeg&#8221; title_text=&#8221;2f0e4-IMG-f6b09_1719045368_dcdfa0f&#8221; show_in_lightbox=&#8221;on&#8221; use_overlay=&#8221;on&#8221; overlay_icon_color=&#8221;rgba(0,0,0,0.22)&#8221; hover_overlay_color=&#8221;rgba(255,255,255,0.29)&#8221; align_tablet=&#8221;center&#8221; align_phone=&#8221;center&#8221; align_last_edited=&#8221;on|desktop&#8221; _builder_version=&#8221;4.26.0&#8243; custom_margin=&#8221;||15%|&#8221; animation_style=&#8221;slide&#8221; animation_direction=&#8221;bottom&#8221; animation_intensity_slide=&#8221;4%&#8221; locked=&#8221;off&#8221; global_colors_info=&#8221;{}&#8221;][\/et_pb_image][et_pb_image src=&#8221;http:\/\/leclosdesaulnes.com\/wp-content\/uploads\/2024\/07\/terrasse-anahe.jpeg&#8221; title_text=&#8221;terrasse-anahe&#8221; show_in_lightbox=&#8221;on&#8221; use_overlay=&#8221;on&#8221; overlay_icon_color=&#8221;rgba(0,0,0,0.22)&#8221; hover_overlay_color=&#8221;rgba(255,255,255,0.29)&#8221; align_tablet=&#8221;center&#8221; align_phone=&#8221;center&#8221; align_last_edited=&#8221;on|desktop&#8221; _builder_version=&#8221;4.27.0&#8243; custom_margin=&#8221;||15%|&#8221; animation_style=&#8221;slide&#8221; animation_direction=&#8221;bottom&#8221; animation_intensity_slide=&#8221;4%&#8221; hover_enabled=&#8221;0&#8243; locked=&#8221;off&#8221; global_colors_info=&#8221;{}&#8221; sticky_enabled=&#8221;0&#8243;][\/et_pb_image][\/et_pb_column][et_pb_column type=&#8221;1_3&#8243; _builder_version=&#8221;4.16&#8243; custom_padding=&#8221;|||&#8221; global_colors_info=&#8221;{}&#8221; custom_padding__hover=&#8221;|||&#8221;][et_pb_image src=&#8221;http:\/\/leclosdesaulnes.com\/wp-content\/uploads\/2024\/07\/clos-des-aulnes-anahe-DECO.jpeg&#8221; title_text=&#8221;clos-des-aulnes-anahe-DECO&#8221; show_in_lightbox=&#8221;on&#8221; use_overlay=&#8221;on&#8221; overlay_icon_color=&#8221;rgba(0,0,0,0.22)&#8221; hover_overlay_color=&#8221;rgba(255,255,255,0.29)&#8221; align_tablet=&#8221;center&#8221; align_phone=&#8221;center&#8221; align_last_edited=&#8221;on|desktop&#8221; _builder_version=&#8221;4.26.0&#8243; custom_margin=&#8221;||15%|&#8221; animation_style=&#8221;slide&#8221; animation_direction=&#8221;bottom&#8221; animation_intensity_slide=&#8221;4%&#8221; locked=&#8221;off&#8221; global_colors_info=&#8221;{}&#8221;][\/et_pb_image][et_pb_image src=&#8221;http:\/\/leclosdesaulnes.com\/wp-content\/uploads\/2024\/07\/cb2cf-IMG-99439_1719045610_b5a93c9.jpeg&#8221; title_text=&#8221;cb2cf-IMG-99439_1719045610_b5a93c9&#8243; show_in_lightbox=&#8221;on&#8221; use_overlay=&#8221;on&#8221; overlay_icon_color=&#8221;rgba(0,0,0,0.22)&#8221; hover_overlay_color=&#8221;rgba(255,255,255,0.29)&#8221; align_tablet=&#8221;center&#8221; align_phone=&#8221;center&#8221; align_last_edited=&#8221;on|desktop&#8221; _builder_version=&#8221;4.26.0&#8243; custom_margin=&#8221;||15%|&#8221; animation_style=&#8221;slide&#8221; animation_direction=&#8221;bottom&#8221; animation_intensity_slide=&#8221;4%&#8221; locked=&#8221;off&#8221; global_colors_info=&#8221;{}&#8221;][\/et_pb_image][et_pb_image src=&#8221;http:\/\/leclosdesaulnes.com\/wp-content\/uploads\/2024\/07\/7a97e-IMG-d7cac_1719046417_c078647-1.jpeg&#8221; title_text=&#8221;7a97e-IMG-d7cac_1719046417_c078647&#8243; show_in_lightbox=&#8221;on&#8221; use_overlay=&#8221;on&#8221; overlay_icon_color=&#8221;rgba(0,0,0,0.22)&#8221; hover_overlay_color=&#8221;rgba(255,255,255,0.29)&#8221; align_tablet=&#8221;center&#8221; align_phone=&#8221;center&#8221; align_last_edited=&#8221;on|desktop&#8221; _builder_version=&#8221;4.26.0&#8243; custom_margin=&#8221;||15%|&#8221; animation_style=&#8221;slide&#8221; animation_direction=&#8221;bottom&#8221; animation_intensity_slide=&#8221;4%&#8221; locked=&#8221;off&#8221; global_colors_info=&#8221;{}&#8221;][\/et_pb_image][et_pb_image src=&#8221;http:\/\/leclosdesaulnes.com\/wp-content\/uploads\/2024\/07\/84e28-IMG-e845c_1719045538_08b1482.jpeg&#8221; title_text=&#8221;84e28-IMG-e845c_1719045538_08b1482&#8243; show_in_lightbox=&#8221;on&#8221; use_overlay=&#8221;on&#8221; overlay_icon_color=&#8221;rgba(0,0,0,0.22)&#8221; hover_overlay_color=&#8221;rgba(255,255,255,0.29)&#8221; align_tablet=&#8221;center&#8221; align_phone=&#8221;center&#8221; align_last_edited=&#8221;on|desktop&#8221; _builder_version=&#8221;4.26.0&#8243; custom_margin=&#8221;||15%|&#8221; animation_style=&#8221;slide&#8221; animation_direction=&#8221;bottom&#8221; animation_intensity_slide=&#8221;4%&#8221; locked=&#8221;off&#8221; global_colors_info=&#8221;{}&#8221;][\/et_pb_image][\/et_pb_column][et_pb_column type=&#8221;1_3&#8243; _builder_version=&#8221;4.16&#8243; custom_padding=&#8221;|||&#8221; global_colors_info=&#8221;{}&#8221; custom_padding__hover=&#8221;|||&#8221;][et_pb_image src=&#8221;http:\/\/leclosdesaulnes.com\/wp-content\/uploads\/2024\/07\/ec29c-IMG-ea5a4_1719046234_bafef2a.jpeg&#8221; title_text=&#8221;ec29c-IMG-ea5a4_1719046234_bafef2a&#8221; show_in_lightbox=&#8221;on&#8221; use_overlay=&#8221;on&#8221; overlay_icon_color=&#8221;rgba(0,0,0,0.22)&#8221; hover_overlay_color=&#8221;rgba(255,255,255,0.29)&#8221; align_tablet=&#8221;center&#8221; align_phone=&#8221;center&#8221; align_last_edited=&#8221;on|desktop&#8221; _builder_version=&#8221;4.26.0&#8243; custom_margin=&#8221;||15%|&#8221; animation_style=&#8221;slide&#8221; animation_direction=&#8221;bottom&#8221; animation_intensity_slide=&#8221;4%&#8221; locked=&#8221;off&#8221; global_colors_info=&#8221;{}&#8221;][\/et_pb_image][et_pb_image src=&#8221;http:\/\/leclosdesaulnes.com\/wp-content\/uploads\/2024\/07\/dd129-IMG-82f0e_1719045135_c8919d7.jpeg&#8221; title_text=&#8221;dd129-IMG-82f0e_1719045135_c8919d7&#8243; show_in_lightbox=&#8221;on&#8221; use_overlay=&#8221;on&#8221; overlay_icon_color=&#8221;rgba(0,0,0,0.22)&#8221; hover_overlay_color=&#8221;rgba(255,255,255,0.29)&#8221; align_tablet=&#8221;center&#8221; align_phone=&#8221;center&#8221; align_last_edited=&#8221;on|desktop&#8221; _builder_version=&#8221;4.26.0&#8243; custom_margin=&#8221;||15%|&#8221; animation_style=&#8221;slide&#8221; animation_direction=&#8221;bottom&#8221; animation_intensity_slide=&#8221;4%&#8221; locked=&#8221;off&#8221; global_colors_info=&#8221;{}&#8221;][\/et_pb_image][et_pb_image src=&#8221;http:\/\/leclosdesaulnes.com\/wp-content\/uploads\/2024\/07\/ff9e3-IMG-995b7_1719045874_a3e2f0e.jpeg&#8221; title_text=&#8221;ff9e3-IMG-995b7_1719045874_a3e2f0e&#8221; show_in_lightbox=&#8221;on&#8221; use_overlay=&#8221;on&#8221; overlay_icon_color=&#8221;rgba(0,0,0,0.22)&#8221; hover_overlay_color=&#8221;rgba(255,255,255,0.29)&#8221; align_tablet=&#8221;center&#8221; align_phone=&#8221;center&#8221; align_last_edited=&#8221;on|desktop&#8221; _builder_version=&#8221;4.26.0&#8243; custom_margin=&#8221;||15%|&#8221; animation_style=&#8221;slide&#8221; animation_direction=&#8221;bottom&#8221; animation_intensity_slide=&#8221;4%&#8221; locked=&#8221;off&#8221; global_colors_info=&#8221;{}&#8221;][\/et_pb_image][et_pb_image src=&#8221;http:\/\/leclosdesaulnes.com\/wp-content\/uploads\/2024\/07\/671a0-IMG-0ae33_1719045141_5ee8a18.jpeg&#8221; title_text=&#8221;671a0-IMG-0ae33_1719045141_5ee8a18&#8243; show_in_lightbox=&#8221;on&#8221; use_overlay=&#8221;on&#8221; overlay_icon_color=&#8221;rgba(0,0,0,0.22)&#8221; hover_overlay_color=&#8221;rgba(255,255,255,0.29)&#8221; align_tablet=&#8221;center&#8221; align_phone=&#8221;center&#8221; align_last_edited=&#8221;on|desktop&#8221; _builder_version=&#8221;4.26.0&#8243; custom_margin=&#8221;||15%|&#8221; animation_style=&#8221;slide&#8221; animation_direction=&#8221;bottom&#8221; animation_intensity_slide=&#8221;4%&#8221; locked=&#8221;off&#8221; global_colors_info=&#8221;{}&#8221;][\/et_pb_image][\/et_pb_column][\/et_pb_row][\/et_pb_section][et_pb_section fb_built=&#8221;1&#8243; _builder_version=&#8221;4.26.0&#8243; _module_preset=&#8221;default&#8221; global_colors_info=&#8221;{}&#8221;][et_pb_row column_structure=&#8221;1_2,1_2&#8243; _builder_version=&#8221;4.25.2&#8243; _module_preset=&#8221;default&#8221; background_color=&#8221;#FFFFFF&#8221; custom_padding=&#8221;40px|40px|40px|40px|false|false&#8221; border_radii=&#8221;on|20px|20px|20px|20px&#8221; border_width_all=&#8221;7px&#8221; border_color_all=&#8221;#9B7695&#8243; saved_tabs=&#8221;all&#8221; global_colors_info=&#8221;{}&#8221;][et_pb_column type=&#8221;1_2&#8243; _builder_version=&#8221;4.25.2&#8243; _module_preset=&#8221;default&#8221; global_colors_info=&#8221;{}&#8221;][et_pb_contact_form email=&#8221;leclosdesaulnes76@gmail.com&#8221; title=&#8221;Contactez-nous&#8221; _builder_version=&#8221;4.25.2&#8243; _module_preset=&#8221;default&#8221; _unique_id=&#8221;aafd5f98-5d56-4ce4-8a3b-07c52ec1097d&#8221; captcha_text_color=&#8221;#FFFFFF&#8221; background_enable_color=&#8221;off&#8221; custom_button=&#8221;on&#8221; button_text_color=&#8221;#000000&#8243; border_radii=&#8221;on|2px|2px|2px|2px&#8221; border_width_all=&#8221;1px&#8221; global_colors_info=&#8221;{}&#8221;][et_pb_contact_field field_id=&#8221;Nom,_Pr\u00e9nom&#8221; field_title=&#8221;Nom, Pr\u00e9nom&#8221; _builder_version=&#8221;4.25.2&#8243; global_colors_info=&#8221;{}&#8221; button_text_size__hover_enabled=&#8221;off&#8221; button_one_text_size__hover_enabled=&#8221;off&#8221; button_two_text_size__hover_enabled=&#8221;off&#8221; button_text_color__hover_enabled=&#8221;off&#8221; button_one_text_color__hover_enabled=&#8221;off&#8221; button_two_text_color__hover_enabled=&#8221;off&#8221; button_border_width__hover_enabled=&#8221;off&#8221; button_one_border_width__hover_enabled=&#8221;off&#8221; button_two_border_width__hover_enabled=&#8221;off&#8221; button_border_color__hover_enabled=&#8221;off&#8221; button_one_border_color__hover_enabled=&#8221;off&#8221; button_two_border_color__hover_enabled=&#8221;off&#8221; button_border_radius__hover_enabled=&#8221;off&#8221; button_one_border_radius__hover_enabled=&#8221;off&#8221; button_two_border_radius__hover_enabled=&#8221;off&#8221; button_letter_spacing__hover_enabled=&#8221;off&#8221; button_one_letter_spacing__hover_enabled=&#8221;off&#8221; button_two_letter_spacing__hover_enabled=&#8221;off&#8221; button_bg_color__hover_enabled=&#8221;off&#8221; button_one_bg_color__hover_enabled=&#8221;off&#8221; button_two_bg_color__hover_enabled=&#8221;off&#8221;][\/et_pb_contact_field][et_pb_contact_field field_id=&#8221;Email&#8221; field_title=&#8221;Adresse e-mail&#8221; field_type=&#8221;email&#8221; _builder_version=&#8221;4.16&#8243; global_colors_info=&#8221;{}&#8221; button_text_size__hover_enabled=&#8221;off&#8221; button_one_text_size__hover_enabled=&#8221;off&#8221; button_two_text_size__hover_enabled=&#8221;off&#8221; button_text_color__hover_enabled=&#8221;off&#8221; button_one_text_color__hover_enabled=&#8221;off&#8221; button_two_text_color__hover_enabled=&#8221;off&#8221; button_border_width__hover_enabled=&#8221;off&#8221; button_one_border_width__hover_enabled=&#8221;off&#8221; button_two_border_width__hover_enabled=&#8221;off&#8221; button_border_color__hover_enabled=&#8221;off&#8221; button_one_border_color__hover_enabled=&#8221;off&#8221; button_two_border_color__hover_enabled=&#8221;off&#8221; button_border_radius__hover_enabled=&#8221;off&#8221; button_one_border_radius__hover_enabled=&#8221;off&#8221; button_two_border_radius__hover_enabled=&#8221;off&#8221; button_letter_spacing__hover_enabled=&#8221;off&#8221; button_one_letter_spacing__hover_enabled=&#8221;off&#8221; button_two_letter_spacing__hover_enabled=&#8221;off&#8221; button_bg_color__hover_enabled=&#8221;off&#8221; button_one_bg_color__hover_enabled=&#8221;off&#8221; button_two_bg_color__hover_enabled=&#8221;off&#8221;][\/et_pb_contact_field][et_pb_contact_field field_id=&#8221;Message&#8221; field_title=&#8221;Message&#8221; field_type=&#8221;text&#8221; fullwidth_field=&#8221;on&#8221; _builder_version=&#8221;4.16&#8243; global_colors_info=&#8221;{}&#8221; button_text_size__hover_enabled=&#8221;off&#8221; button_one_text_size__hover_enabled=&#8221;off&#8221; button_two_text_size__hover_enabled=&#8221;off&#8221; button_text_color__hover_enabled=&#8221;off&#8221; button_one_text_color__hover_enabled=&#8221;off&#8221; button_two_text_color__hover_enabled=&#8221;off&#8221; button_border_width__hover_enabled=&#8221;off&#8221; button_one_border_width__hover_enabled=&#8221;off&#8221; button_two_border_width__hover_enabled=&#8221;off&#8221; button_border_color__hover_enabled=&#8221;off&#8221; button_one_border_color__hover_enabled=&#8221;off&#8221; button_two_border_color__hover_enabled=&#8221;off&#8221; button_border_radius__hover_enabled=&#8221;off&#8221; button_one_border_radius__hover_enabled=&#8221;off&#8221; button_two_border_radius__hover_enabled=&#8221;off&#8221; button_letter_spacing__hover_enabled=&#8221;off&#8221; button_one_letter_spacing__hover_enabled=&#8221;off&#8221; button_two_letter_spacing__hover_enabled=&#8221;off&#8221; button_bg_color__hover_enabled=&#8221;off&#8221; button_one_bg_color__hover_enabled=&#8221;off&#8221; button_two_bg_color__hover_enabled=&#8221;off&#8221;][\/et_pb_contact_field][\/et_pb_contact_form][et_pb_text _builder_version=&#8221;4.25.2&#8243; _module_preset=&#8221;default&#8221; custom_padding=&#8221;||||false|false&#8221; global_colors_info=&#8221;{}&#8221;]<h3>Le clos des aulnes<\/h3>[\/et_pb_text][et_pb_text _builder_version=&#8221;4.25.2&#8243; _module_preset=&#8221;default&#8221; text_font_size=&#8221;19px&#8221; custom_margin=&#8221;-27px||||false|false&#8221; custom_padding=&#8221;0px||||false|false&#8221; global_colors_info=&#8221;{}&#8221;]<p><span style=\"color: #000000;\">06 76 86 88 50<\/span><br \/><span style=\"color: #000000;\"><a href=\"mailto:leclosdesaulnes@gmail.com\" style=\"color: #000000;\">leclosdesaulnes@gmail.com<\/a><br \/>Route du Val Bouvier, Frichemesnil, France<\/span><\/p>[\/et_pb_text][\/et_pb_column][et_pb_column type=&#8221;1_2&#8243; _builder_version=&#8221;4.25.2&#8243; _module_preset=&#8221;default&#8221; global_colors_info=&#8221;{}&#8221;][et_pb_code _builder_version=&#8221;4.25.2&#8243; _module_preset=&#8221;default&#8221; global_colors_info=&#8221;{}&#8221;]<iframe src=\"https:\/\/www.google.com\/maps\/embed?pb=!1m18!1m12!1m3!1d23158.448338777285!2d1.1340805237653222!3d49.61417043204344!2m3!1f0!2f0!3f0!3m2!1i1024!2i768!4f13.1!3m3!1m2!1s0x47e0c1451505e03f%3A0xcca392d6dcfe5c72!2sRte%20du%20Val%20au%20Bouvier%2C%2076690%20Frichemesnil!5e1!3m2!1sfr!2sfr!4v1719873069658!5m2!1sfr!2sfr\" width=\"600\" height=\"450\" style=\"border:0;\" allowfullscreen=\"\" loading=\"lazy\" referrerpolicy=\"no-referrer-when-downgrade\"><\/iframe>[\/et_pb_code][\/et_pb_column][\/et_pb_row][\/et_pb_section]\n","protected":false},"excerpt":{"rendered":"<p>Suite Anah\u00e9Votre g\u00eete romantique en NormandieLe clos des aulnes06 76 86 88 50leclosdesaulnes@gmail.comRoute du Val Bouvier, Frichemesnil, France<\/p>\n","protected":false},"author":1,"featured_media":0,"parent":0,"menu_order":0,"comment_status":"closed","ping_status":"closed","template":"","meta":{"_et_pb_use_builder":"on","_et_pb_old_content":"","_et_gb_content_width":"","footnotes":""},"class_list":["post-128","page","type-page","status-publish","hentry"],"yoast_head":"<!-- This site is optimized with the Yoast SEO plugin v25.1 - https:\/\/yoast.com\/wordpress\/plugins\/seo\/ -->\n<title>Galerie photos suite anah\u00e9 - Le Clos des Aulnes<\/title>\n<meta name=\"description\" content=\"G\u00eete complet avec partie vie et partie nuit avec baignoire baln\u00e9o, un sauna traditionnel et un fauteuil tantra, lit king size\u2026\" \/>\n<meta name=\"robots\" content=\"index, follow, max-snippet:-1, max-image-preview:large, max-video-preview:-1\" \/>\n<link rel=\"canonical\" href=\"https:\/\/leclosdesaulnes.com\/index.php\/photos-suite-anahe\/\" \/>\n<meta property=\"og:locale\" content=\"en_US\" \/>\n<meta property=\"og:type\" content=\"article\" \/>\n<meta property=\"og:title\" content=\"Galerie photos suite anah\u00e9 - Le Clos des Aulnes\" \/>\n<meta property=\"og:description\" content=\"G\u00eete complet avec partie vie et partie nuit avec baignoire baln\u00e9o, un sauna traditionnel et un fauteuil tantra, lit king size\u2026\" \/>\n<meta property=\"og:url\" content=\"https:\/\/leclosdesaulnes.com\/index.php\/photos-suite-anahe\/\" \/>\n<meta property=\"og:site_name\" content=\"Le Clos des Aulnes\" \/>\n<meta property=\"article:modified_time\" content=\"2024-12-15T22:05:11+00:00\" \/>\n<meta name=\"twitter:card\" content=\"summary_large_image\" \/>\n<meta name=\"twitter:label1\" content=\"Est. reading time\" \/>\n\t<meta name=\"twitter:data1\" content=\"3 minutes\" \/>\n<script type=\"application\/ld+json\" class=\"yoast-schema-graph\">{\"@context\":\"https:\/\/schema.org\",\"@graph\":[{\"@type\":\"WebPage\",\"@id\":\"https:\/\/leclosdesaulnes.com\/index.php\/photos-suite-anahe\/\",\"url\":\"https:\/\/leclosdesaulnes.com\/index.php\/photos-suite-anahe\/\",\"name\":\"Galerie photos suite anah\u00e9 - Le Clos des Aulnes\",\"isPartOf\":{\"@id\":\"https:\/\/leclosdesaulnes.com\/#website\"},\"datePublished\":\"2024-07-05T14:59:26+00:00\",\"dateModified\":\"2024-12-15T22:05:11+00:00\",\"description\":\"G\u00eete complet avec partie vie et partie nuit avec baignoire baln\u00e9o, un sauna traditionnel et un fauteuil tantra, lit king size\u2026\",\"breadcrumb\":{\"@id\":\"https:\/\/leclosdesaulnes.com\/index.php\/photos-suite-anahe\/#breadcrumb\"},\"inLanguage\":\"en-US\",\"potentialAction\":[{\"@type\":\"ReadAction\",\"target\":[\"https:\/\/leclosdesaulnes.com\/index.php\/photos-suite-anahe\/\"]}]},{\"@type\":\"BreadcrumbList\",\"@id\":\"https:\/\/leclosdesaulnes.com\/index.php\/photos-suite-anahe\/#breadcrumb\",\"itemListElement\":[{\"@type\":\"ListItem\",\"position\":1,\"name\":\"Accueil\",\"item\":\"https:\/\/leclosdesaulnes.com\/\"},{\"@type\":\"ListItem\",\"position\":2,\"name\":\"Galerie photos suite anah\u00e9\"}]},{\"@type\":\"WebSite\",\"@id\":\"https:\/\/leclosdesaulnes.com\/#website\",\"url\":\"https:\/\/leclosdesaulnes.com\/\",\"name\":\"Le Clos des Aulnes\",\"description\":\"G\u00eetes romantiques\",\"potentialAction\":[{\"@type\":\"SearchAction\",\"target\":{\"@type\":\"EntryPoint\",\"urlTemplate\":\"https:\/\/leclosdesaulnes.com\/?s={search_term_string}\"},\"query-input\":{\"@type\":\"PropertyValueSpecification\",\"valueRequired\":true,\"valueName\":\"search_term_string\"}}],\"inLanguage\":\"en-US\"}]}<\/script>\n<!-- \/ Yoast SEO plugin. -->","yoast_head_json":{"title":"Galerie photos suite anah\u00e9 - Le Clos des Aulnes","description":"G\u00eete complet avec partie vie et partie nuit avec baignoire baln\u00e9o, un sauna traditionnel et un fauteuil tantra, lit king size\u2026","robots":{"index":"index","follow":"follow","max-snippet":"max-snippet:-1","max-image-preview":"max-image-preview:large","max-video-preview":"max-video-preview:-1"},"canonical":"https:\/\/leclosdesaulnes.com\/index.php\/photos-suite-anahe\/","og_locale":"en_US","og_type":"article","og_title":"Galerie photos suite anah\u00e9 - Le Clos des Aulnes","og_description":"G\u00eete complet avec partie vie et partie nuit avec baignoire baln\u00e9o, un sauna traditionnel et un fauteuil tantra, lit king size\u2026","og_url":"https:\/\/leclosdesaulnes.com\/index.php\/photos-suite-anahe\/","og_site_name":"Le Clos des Aulnes","article_modified_time":"2024-12-15T22:05:11+00:00","twitter_card":"summary_large_image","twitter_misc":{"Est. reading time":"3 minutes"},"schema":{"@context":"https:\/\/schema.org","@graph":[{"@type":"WebPage","@id":"https:\/\/leclosdesaulnes.com\/index.php\/photos-suite-anahe\/","url":"https:\/\/leclosdesaulnes.com\/index.php\/photos-suite-anahe\/","name":"Galerie photos suite anah\u00e9 - Le Clos des Aulnes","isPartOf":{"@id":"https:\/\/leclosdesaulnes.com\/#website"},"datePublished":"2024-07-05T14:59:26+00:00","dateModified":"2024-12-15T22:05:11+00:00","description":"G\u00eete complet avec partie vie et partie nuit avec baignoire baln\u00e9o, un sauna traditionnel et un fauteuil tantra, lit king size\u2026","breadcrumb":{"@id":"https:\/\/leclosdesaulnes.com\/index.php\/photos-suite-anahe\/#breadcrumb"},"inLanguage":"en-US","potentialAction":[{"@type":"ReadAction","target":["https:\/\/leclosdesaulnes.com\/index.php\/photos-suite-anahe\/"]}]},{"@type":"BreadcrumbList","@id":"https:\/\/leclosdesaulnes.com\/index.php\/photos-suite-anahe\/#breadcrumb","itemListElement":[{"@type":"ListItem","position":1,"name":"Accueil","item":"https:\/\/leclosdesaulnes.com\/"},{"@type":"ListItem","position":2,"name":"Galerie photos suite anah\u00e9"}]},{"@type":"WebSite","@id":"https:\/\/leclosdesaulnes.com\/#website","url":"https:\/\/leclosdesaulnes.com\/","name":"Le Clos des Aulnes","description":"G\u00eetes romantiques","potentialAction":[{"@type":"SearchAction","target":{"@type":"EntryPoint","urlTemplate":"https:\/\/leclosdesaulnes.com\/?s={search_term_string}"},"query-input":{"@type":"PropertyValueSpecification","valueRequired":true,"valueName":"search_term_string"}}],"inLanguage":"en-US"}]}},"_links":{"self":[{"href":"https:\/\/leclosdesaulnes.com\/index.php\/wp-json\/wp\/v2\/pages\/128","targetHints":{"allow":["GET"]}}],"collection":[{"href":"https:\/\/leclosdesaulnes.com\/index.php\/wp-json\/wp\/v2\/pages"}],"about":[{"href":"https:\/\/leclosdesaulnes.com\/index.php\/wp-json\/wp\/v2\/types\/page"}],"author":[{"embeddable":true,"href":"https:\/\/leclosdesaulnes.com\/index.php\/wp-json\/wp\/v2\/users\/1"}],"replies":[{"embeddable":true,"href":"https:\/\/leclosdesaulnes.com\/index.php\/wp-json\/wp\/v2\/comments?post=128"}],"version-history":[{"count":7,"href":"https:\/\/leclosdesaulnes.com\/index.php\/wp-json\/wp\/v2\/pages\/128\/revisions"}],"predecessor-version":[{"id":342,"href":"https:\/\/leclosdesaulnes.com\/index.php\/wp-json\/wp\/v2\/pages\/128\/revisions\/342"}],"wp:attachment":[{"href":"https:\/\/leclosdesaulnes.com\/index.php\/wp-json\/wp\/v2\/media?parent=128"}],"curies":[{"name":"wp","href":"https:\/\/api.w.org\/{rel}","templated":true}]}}