{"id":196,"date":"2024-07-29T22:30:55","date_gmt":"2024-07-29T20:30:55","guid":{"rendered":"https:\/\/leclosdesaulnes.com\/?page_id=196"},"modified":"2024-07-29T22:30:55","modified_gmt":"2024-07-29T20:30:55","slug":"mentions-legales","status":"publish","type":"page","link":"https:\/\/leclosdesaulnes.com\/index.php\/mentions-legales\/","title":{"rendered":"Mentions l\u00e9gales"},"content":{"rendered":"<p>[et_pb_section fb_built=&#8221;1&#8243; _builder_version=&#8221;4.16&#8243; global_colors_info=&#8221;{}&#8221;][et_pb_row _builder_version=&#8221;4.16&#8243; background_size=&#8221;initial&#8221; background_position=&#8221;top_left&#8221; background_repeat=&#8221;repeat&#8221; global_colors_info=&#8221;{}&#8221;][et_pb_column type=&#8221;4_4&#8243; _builder_version=&#8221;4.16&#8243; custom_padding=&#8221;|||&#8221; global_colors_info=&#8221;{}&#8221; custom_padding__hover=&#8221;|||&#8221;][et_pb_text _builder_version=&#8221;4.27.0&#8243; background_size=&#8221;initial&#8221; background_position=&#8221;top_left&#8221; background_repeat=&#8221;repeat&#8221; hover_enabled=&#8221;0&#8243; global_colors_info=&#8221;{}&#8221; sticky_enabled=&#8221;0&#8243;]<\/p>\n<p><!-- divi:heading --><\/p>\n<h3>Mentions L\u00e9gales &#8211; Le Clos Des Aulnes<\/h3>\n<h4>1. Identification de l&#8217;\u00e9diteur du site<\/h4>\n<p><strong>Nom du site<\/strong> : Le Clos Des Aulnes<\/p>\n<p><strong>Propri\u00e9taire du site<\/strong> :<\/p>\n<ul>\n<li>Nom : Le Clos Des Aulnes<\/li>\n<li>Adresse : <span>Route du Val Bouvier, Frichemesnil, France<\/span><\/li>\n<li>T\u00e9l\u00e9phone : <span>06 76 86 88 50<\/span><\/li>\n<li>Email : <a href=\"mailto:leclosdesaulnes@gmail.com\">leclosdesaulnes@gmail.com<\/a><\/li>\n<\/ul>\n<ul><\/ul>\n<h4>2. H\u00e9bergeur du site<\/h4>\n<p><strong>Nom de l&#8217;h\u00e9bergeur<\/strong> : OVH<\/p>\n<ul><\/ul>\n<h4>3. Propri\u00e9t\u00e9 intellectuelle<\/h4>\n<p>Le contenu du site (textes, images, graphismes, logo, etc.) est prot\u00e9g\u00e9 par les lois en vigueur en France sur la propri\u00e9t\u00e9 intellectuelle et le droit d&#8217;auteur. Toute reproduction, repr\u00e9sentation, modification, publication, adaptation de tout ou partie des \u00e9l\u00e9ments du site, quel que soit le moyen ou le proc\u00e9d\u00e9 utilis\u00e9, est interdite, sauf autorisation \u00e9crite pr\u00e9alable de Le Clos Des Aulnes.<\/p>\n<h4>4. Protection des donn\u00e9es personnelles<\/h4>\n<p><strong>Responsable du traitement des donn\u00e9es personnelles<\/strong> :<\/p>\n<ul>\n<li>Nom : Le Clos Des Aulnes<\/li>\n<li>Adresse : <span>Route du Val Bouvier, Frichemesnil, France<\/span><\/li>\n<li>T\u00e9l\u00e9phone : <span>06 76 86 88 50<\/span><\/li>\n<li>Email : <a href=\"mailto:leclosdesaulnes@gmail.com\">leclosdesaulnes@gmail.com<\/a><\/li>\n<\/ul>\n<p>Les informations personnelles recueillies sur le site sont trait\u00e9es conform\u00e9ment \u00e0 la loi Informatique et Libert\u00e9s du 6 janvier 1978 modifi\u00e9e et au R\u00e8glement G\u00e9n\u00e9ral sur la Protection des Donn\u00e9es (RGPD).<\/p>\n<p>Les donn\u00e9es collect\u00e9es sont utilis\u00e9es pour :<\/p>\n<ul>\n<li>La gestion des r\u00e9servations<\/li>\n<li>La communication avec les utilisateurs<\/li>\n<li>L&#8217;envoi d&#8217;informations et d&#8217;offres promotionnelles (si consentement pr\u00e9alable)<\/li>\n<\/ul>\n<p><strong>Droit d&#8217;acc\u00e8s, de rectification et de suppression des donn\u00e9es<\/strong> : Conform\u00e9ment \u00e0 la r\u00e9glementation en vigueur, les utilisateurs disposent d&#8217;un droit d&#8217;acc\u00e8s, de rectification, de suppression et d&#8217;opposition aux donn\u00e9es personnelles les concernant. Pour exercer ces droits, les utilisateurs peuvent envoyer un email \u00e0\u00a0<a href=\"mailto:leclosdesaulnes@gmail.com\">leclosdesaulnes@gmail.com<\/a><\/p>\n<p>ou un courrier \u00e0 l&#8217;adresse suivante : <span>Route du Val Bouvier, Frichemesnil, France<\/span>.<\/p>\n<h4>5. Cookies<\/h4>\n<p>Le site utilise des cookies pour am\u00e9liorer l&#8217;exp\u00e9rience de navigation des utilisateurs et pour des besoins de statistiques et d&#8217;affichage. Les utilisateurs peuvent configurer leur navigateur pour accepter ou refuser les cookies.<\/p>\n<h4>6. Limitation de responsabilit\u00e9<\/h4>\n<p>Le Clos Des Aulnes s&#8217;efforce de fournir sur le site des informations aussi pr\u00e9cises que possible. Cependant, Le Clos Des Aulnes ne pourra \u00eatre tenu responsable des omissions, des inexactitudes et des carences dans la mise \u00e0 jour, qu&#8217;elles soient de son fait ou du fait des tiers partenaires qui lui fournissent ces informations.<\/p>\n<p>Le Clos Des Aulnes ne pourra \u00e9galement \u00eatre tenu responsable des dommages mat\u00e9riels li\u00e9s \u00e0 l&#8217;utilisation du site. De plus, l&#8217;utilisateur du site s&#8217;engage \u00e0 acc\u00e9der au site en utilisant un mat\u00e9riel r\u00e9cent, ne contenant pas de virus et avec un navigateur de derni\u00e8re g\u00e9n\u00e9ration mis \u00e0 jour.<\/p>\n<h4>7. Liens hypertextes<\/h4>\n<p>Le site peut contenir des liens hypertextes vers d&#8217;autres sites. Le Clos Des Aulnes n&#8217;exerce aucun contr\u00f4le sur le contenu des sites tiers et d\u00e9cline toute responsabilit\u00e9 \u00e0 ce sujet.<\/p>\n<h4>8. Droit applicable et attribution de juridiction<\/h4>\n<p>Tout litige en relation avec l&#8217;utilisation du site Le Clos Des Aulnes est soumis au droit fran\u00e7ais. Il est fait attribution exclusive de juridiction aux tribunaux comp\u00e9tents de Dieppe.<\/p>\n<h4>9. Contact<\/h4>\n<p>Pour toute question ou information sur les mentions l\u00e9gales du site, les utilisateurs peuvent contacter Le CDA par :<\/p>\n<ul>\n<li>Nom : Le Clos Des Aulnes<\/li>\n<li>Adresse : <span>Route du Val Bouvier, Frichemesnil, France<\/span><\/li>\n<li>T\u00e9l\u00e9phone : <span>06 76 86 88 50<\/span><\/li>\n<li>Email : <a href=\"mailto:leclosdesaulnes@gmail.com\">leclosdesaulnes@gmail.com<\/a><\/li>\n<\/ul>\n<hr \/>\n<p>Ces mentions l\u00e9gales assurent la conformit\u00e9 de votre site avec la l\u00e9gislation en vigueur et fournissent toutes les informations n\u00e9cessaires \u00e0 vos utilisateurs.<\/p>\n<p><!-- \/divi:paragraph --><\/p>\n<p>[\/et_pb_text][\/et_pb_column][\/et_pb_row][\/et_pb_section]<\/p>\n","protected":false},"excerpt":{"rendered":"<p>Mentions L\u00e9gales &#8211; Le Clos Des Aulnes 1. Identification de l&#8217;\u00e9diteur du site Nom du site : Le Clos Des Aulnes Propri\u00e9taire du site : Nom : Le Clos Des Aulnes Adresse : Route du Val Bouvier, Frichemesnil, France T\u00e9l\u00e9phone : 06 76 86 88 50 Email : leclosdesaulnes@gmail.com 2. H\u00e9bergeur du site Nom de [&hellip;]<\/p>\n","protected":false},"author":1,"featured_media":0,"parent":0,"menu_order":0,"comment_status":"closed","ping_status":"closed","template":"","meta":{"_et_pb_use_builder":"on","_et_pb_old_content":"<!-- wp:heading --><h2>Qui sommes-nous\u00a0?<\/h2><!-- \/wp:heading --><!-- wp:paragraph --><p><strong class=\"privacy-policy-tutorial\">Texte sugg\u00e9r\u00e9\u00a0: <\/strong>L\u2019adresse de notre site est\u00a0: http:\/\/leclosdesaulnes.com.<\/p><!-- \/wp:paragraph --><!-- wp:heading --><h2>Commentaires<\/h2><!-- \/wp:heading --><!-- wp:paragraph --><p><strong class=\"privacy-policy-tutorial\">Texte sugg\u00e9r\u00e9\u00a0: <\/strong>Quand vous laissez un commentaire sur notre site, les donn\u00e9es inscrites dans le formulaire de commentaire, ainsi que votre adresse IP et l\u2019agent utilisateur de votre navigateur sont collect\u00e9s pour nous aider \u00e0 la d\u00e9tection des commentaires ind\u00e9sirables.<\/p><!-- \/wp:paragraph --><!-- wp:paragraph --><p>Une cha\u00eene anonymis\u00e9e cr\u00e9\u00e9e \u00e0 partir de votre adresse e-mail (\u00e9galement appel\u00e9e hash) peut \u00eatre envoy\u00e9e au service Gravatar pour v\u00e9rifier si vous utilisez ce dernier. Les clauses de confidentialit\u00e9 du service Gravatar sont disponibles ici\u00a0: https:\/\/automattic.com\/privacy\/. Apr\u00e8s validation de votre commentaire, votre photo de profil sera visible publiquement \u00e0 cot\u00e9 de votre commentaire.<\/p><!-- \/wp:paragraph --><!-- wp:heading --><h2>M\u00e9dias<\/h2><!-- \/wp:heading --><!-- wp:paragraph --><p><strong class=\"privacy-policy-tutorial\">Texte sugg\u00e9r\u00e9\u00a0: <\/strong>Si vous t\u00e9l\u00e9versez des images sur le site, nous vous conseillons d\u2019\u00e9viter de t\u00e9l\u00e9verser des images contenant des donn\u00e9es EXIF de coordonn\u00e9es GPS. Les personnes visitant votre site peuvent t\u00e9l\u00e9charger et extraire des donn\u00e9es de localisation depuis ces images.<\/p><!-- \/wp:paragraph --><!-- wp:heading --><h2>Cookies<\/h2><!-- \/wp:heading --><!-- wp:paragraph --><p><strong class=\"privacy-policy-tutorial\">Texte sugg\u00e9r\u00e9\u00a0: <\/strong>Si vous d\u00e9posez un commentaire sur notre site, il vous sera propos\u00e9 d\u2019enregistrer votre nom, adresse e-mail et site dans des cookies. C\u2019est uniquement pour votre confort afin de ne pas avoir \u00e0 saisir ces informations si vous d\u00e9posez un autre commentaire plus tard. Ces cookies expirent au bout d\u2019un an.<\/p><!-- \/wp:paragraph --><!-- wp:paragraph --><p>Si vous vous rendez sur la page de connexion, un cookie temporaire sera cr\u00e9\u00e9 afin de d\u00e9terminer si votre navigateur accepte les cookies. Il ne contient pas de donn\u00e9es personnelles et sera supprim\u00e9 automatiquement \u00e0 la fermeture de votre navigateur.<\/p><!-- \/wp:paragraph --><!-- wp:paragraph --><p>Lorsque vous vous connecterez, nous mettrons en place un certain nombre de cookies pour enregistrer vos informations de connexion et vos pr\u00e9f\u00e9rences d\u2019\u00e9cran. La dur\u00e9e de vie d\u2019un cookie de connexion est de deux jours, celle d\u2019un cookie d\u2019option d\u2019\u00e9cran est d\u2019un an. Si vous cochez \u00ab\u00a0Se souvenir de moi\u00a0\u00bb, votre cookie de connexion sera conserv\u00e9 pendant deux semaines. Si vous vous d\u00e9connectez de votre compte, le cookie de connexion sera effac\u00e9.<\/p><!-- \/wp:paragraph --><!-- wp:paragraph --><p>En modifiant ou en publiant une publication, un cookie suppl\u00e9mentaire sera enregistr\u00e9 dans votre navigateur. Ce cookie ne comprend aucune donn\u00e9e personnelle. Il indique simplement l\u2019ID de la publication que vous venez de modifier. Il expire au bout d\u2019un jour.<\/p><!-- \/wp:paragraph --><!-- wp:heading --><h2>Contenu embarqu\u00e9 depuis d\u2019autres sites<\/h2><!-- \/wp:heading --><!-- wp:paragraph --><p><strong class=\"privacy-policy-tutorial\">Texte sugg\u00e9r\u00e9\u00a0: <\/strong>Les articles de ce site peuvent inclure des contenus int\u00e9gr\u00e9s (par exemple des vid\u00e9os, images, articles\u2026). Le contenu int\u00e9gr\u00e9 depuis d\u2019autres sites se comporte de la m\u00eame mani\u00e8re que si le visiteur se rendait sur cet autre site.<\/p><!-- \/wp:paragraph --><!-- wp:paragraph --><p>Ces sites web pourraient collecter des donn\u00e9es sur vous, utiliser des cookies, embarquer des outils de suivis tiers, suivre vos interactions avec ces contenus embarqu\u00e9s si vous disposez d\u2019un compte connect\u00e9 sur leur site web.<\/p><!-- \/wp:paragraph --><!-- wp:heading --><h2>Utilisation et transmission de vos donn\u00e9es personnelles<\/h2><!-- \/wp:heading --><!-- wp:paragraph --><p><strong class=\"privacy-policy-tutorial\">Texte sugg\u00e9r\u00e9\u00a0: <\/strong>Si vous demandez une r\u00e9initialisation de votre mot de passe, votre adresse IP sera incluse dans l\u2019e-mail de r\u00e9initialisation.<\/p><!-- \/wp:paragraph --><!-- wp:heading --><h2>Dur\u00e9es de stockage de vos donn\u00e9es<\/h2><!-- \/wp:heading --><!-- wp:paragraph --><p><strong class=\"privacy-policy-tutorial\">Texte sugg\u00e9r\u00e9\u00a0: <\/strong>Si vous laissez un commentaire, le commentaire et ses m\u00e9tadonn\u00e9es sont conserv\u00e9s ind\u00e9finiment. Cela permet de reconna\u00eetre et approuver automatiquement les commentaires suivants au lieu de les laisser dans la file de mod\u00e9ration.<\/p><!-- \/wp:paragraph --><!-- wp:paragraph --><p>Pour les comptes qui s\u2019inscrivent sur notre site (le cas \u00e9ch\u00e9ant), nous stockons \u00e9galement les donn\u00e9es personnelles indiqu\u00e9es dans leur profil. Tous les comptes peuvent voir, modifier ou supprimer leurs informations personnelles \u00e0 tout moment (\u00e0 l\u2019exception de leur identifiant). Les gestionnaires du site peuvent aussi voir et modifier ces informations.<\/p><!-- \/wp:paragraph --><!-- wp:heading --><h2>Les droits que vous avez sur vos donn\u00e9es<\/h2><!-- \/wp:heading --><!-- wp:paragraph --><p><strong class=\"privacy-policy-tutorial\">Texte sugg\u00e9r\u00e9\u00a0: <\/strong>Si vous avez un compte ou si vous avez laiss\u00e9 des commentaires sur le site, vous pouvez demander \u00e0 recevoir un fichier contenant toutes les donn\u00e9es personnelles que nous poss\u00e9dons \u00e0 votre sujet, incluant celles que vous nous avez fournies. Vous pouvez \u00e9galement demander la suppression des donn\u00e9es personnelles vous concernant. Cela ne prend pas en compte les donn\u00e9es stock\u00e9es \u00e0 des fins administratives, l\u00e9gales ou pour des raisons de s\u00e9curit\u00e9.<\/p><!-- \/wp:paragraph --><!-- wp:heading --><h2>Transmission de vos donn\u00e9es personnelles<\/h2><!-- \/wp:heading --><!-- wp:paragraph --><p><strong class=\"privacy-policy-tutorial\">Texte sugg\u00e9r\u00e9\u00a0: <\/strong>Les commentaires des visiteurs peuvent \u00eatre v\u00e9rifi\u00e9s \u00e0 l\u2019aide d\u2019un service automatis\u00e9 de d\u00e9tection des commentaires ind\u00e9sirables.<\/p><!-- \/wp:paragraph -->","_et_gb_content_width":"","footnotes":""},"class_list":["post-196","page","type-page","status-publish","hentry"],"yoast_head":"<!-- This site is optimized with the Yoast SEO plugin v25.1 - https:\/\/yoast.com\/wordpress\/plugins\/seo\/ -->\n<title>Mentions l\u00e9gales - Le Clos des Aulnes<\/title>\n<meta name=\"robots\" content=\"index, follow, max-snippet:-1, max-image-preview:large, max-video-preview:-1\" \/>\n<link rel=\"canonical\" href=\"https:\/\/leclosdesaulnes.com\/index.php\/mentions-legales\/\" \/>\n<meta property=\"og:locale\" content=\"en_US\" \/>\n<meta property=\"og:type\" content=\"article\" \/>\n<meta property=\"og:title\" content=\"Mentions l\u00e9gales - Le Clos des Aulnes\" \/>\n<meta property=\"og:description\" content=\"Mentions L\u00e9gales - Le Clos Des Aulnes 1. Identification de l&#039;\u00e9diteur du site Nom du site : Le Clos Des Aulnes Propri\u00e9taire du site : Nom : Le Clos Des Aulnes Adresse : Route du Val Bouvier, Frichemesnil, France T\u00e9l\u00e9phone : 06 76 86 88 50 Email : leclosdesaulnes@gmail.com 2. H\u00e9bergeur du site Nom de [&hellip;]\" \/>\n<meta property=\"og:url\" content=\"https:\/\/leclosdesaulnes.com\/index.php\/mentions-legales\/\" \/>\n<meta property=\"og:site_name\" content=\"Le Clos des Aulnes\" \/>\n<meta name=\"twitter:card\" content=\"summary_large_image\" \/>\n<meta name=\"twitter:label1\" content=\"Est. reading time\" \/>\n\t<meta name=\"twitter:data1\" content=\"3 minutes\" \/>\n<script type=\"application\/ld+json\" class=\"yoast-schema-graph\">{\"@context\":\"https:\/\/schema.org\",\"@graph\":[{\"@type\":\"WebPage\",\"@id\":\"https:\/\/leclosdesaulnes.com\/index.php\/mentions-legales\/\",\"url\":\"https:\/\/leclosdesaulnes.com\/index.php\/mentions-legales\/\",\"name\":\"Mentions l\u00e9gales - Le Clos des Aulnes\",\"isPartOf\":{\"@id\":\"https:\/\/leclosdesaulnes.com\/#website\"},\"datePublished\":\"2024-07-29T20:30:55+00:00\",\"breadcrumb\":{\"@id\":\"https:\/\/leclosdesaulnes.com\/index.php\/mentions-legales\/#breadcrumb\"},\"inLanguage\":\"en-US\",\"potentialAction\":[{\"@type\":\"ReadAction\",\"target\":[\"https:\/\/leclosdesaulnes.com\/index.php\/mentions-legales\/\"]}]},{\"@type\":\"BreadcrumbList\",\"@id\":\"https:\/\/leclosdesaulnes.com\/index.php\/mentions-legales\/#breadcrumb\",\"itemListElement\":[{\"@type\":\"ListItem\",\"position\":1,\"name\":\"Accueil\",\"item\":\"https:\/\/leclosdesaulnes.com\/\"},{\"@type\":\"ListItem\",\"position\":2,\"name\":\"Mentions l\u00e9gales\"}]},{\"@type\":\"WebSite\",\"@id\":\"https:\/\/leclosdesaulnes.com\/#website\",\"url\":\"https:\/\/leclosdesaulnes.com\/\",\"name\":\"Le Clos des Aulnes\",\"description\":\"G\u00eetes romantiques\",\"potentialAction\":[{\"@type\":\"SearchAction\",\"target\":{\"@type\":\"EntryPoint\",\"urlTemplate\":\"https:\/\/leclosdesaulnes.com\/?s={search_term_string}\"},\"query-input\":{\"@type\":\"PropertyValueSpecification\",\"valueRequired\":true,\"valueName\":\"search_term_string\"}}],\"inLanguage\":\"en-US\"}]}<\/script>\n<!-- \/ Yoast SEO plugin. -->","yoast_head_json":{"title":"Mentions l\u00e9gales - Le Clos des Aulnes","robots":{"index":"index","follow":"follow","max-snippet":"max-snippet:-1","max-image-preview":"max-image-preview:large","max-video-preview":"max-video-preview:-1"},"canonical":"https:\/\/leclosdesaulnes.com\/index.php\/mentions-legales\/","og_locale":"en_US","og_type":"article","og_title":"Mentions l\u00e9gales - Le Clos des Aulnes","og_description":"Mentions L\u00e9gales - Le Clos Des Aulnes 1. Identification de l'\u00e9diteur du site Nom du site : Le Clos Des Aulnes Propri\u00e9taire du site : Nom : Le Clos Des Aulnes Adresse : Route du Val Bouvier, Frichemesnil, France T\u00e9l\u00e9phone : 06 76 86 88 50 Email : leclosdesaulnes@gmail.com 2. H\u00e9bergeur du site Nom de [&hellip;]","og_url":"https:\/\/leclosdesaulnes.com\/index.php\/mentions-legales\/","og_site_name":"Le Clos des Aulnes","twitter_card":"summary_large_image","twitter_misc":{"Est. reading time":"3 minutes"},"schema":{"@context":"https:\/\/schema.org","@graph":[{"@type":"WebPage","@id":"https:\/\/leclosdesaulnes.com\/index.php\/mentions-legales\/","url":"https:\/\/leclosdesaulnes.com\/index.php\/mentions-legales\/","name":"Mentions l\u00e9gales - Le Clos des Aulnes","isPartOf":{"@id":"https:\/\/leclosdesaulnes.com\/#website"},"datePublished":"2024-07-29T20:30:55+00:00","breadcrumb":{"@id":"https:\/\/leclosdesaulnes.com\/index.php\/mentions-legales\/#breadcrumb"},"inLanguage":"en-US","potentialAction":[{"@type":"ReadAction","target":["https:\/\/leclosdesaulnes.com\/index.php\/mentions-legales\/"]}]},{"@type":"BreadcrumbList","@id":"https:\/\/leclosdesaulnes.com\/index.php\/mentions-legales\/#breadcrumb","itemListElement":[{"@type":"ListItem","position":1,"name":"Accueil","item":"https:\/\/leclosdesaulnes.com\/"},{"@type":"ListItem","position":2,"name":"Mentions l\u00e9gales"}]},{"@type":"WebSite","@id":"https:\/\/leclosdesaulnes.com\/#website","url":"https:\/\/leclosdesaulnes.com\/","name":"Le Clos des Aulnes","description":"G\u00eetes romantiques","potentialAction":[{"@type":"SearchAction","target":{"@type":"EntryPoint","urlTemplate":"https:\/\/leclosdesaulnes.com\/?s={search_term_string}"},"query-input":{"@type":"PropertyValueSpecification","valueRequired":true,"valueName":"search_term_string"}}],"inLanguage":"en-US"}]}},"_links":{"self":[{"href":"https:\/\/leclosdesaulnes.com\/index.php\/wp-json\/wp\/v2\/pages\/196","targetHints":{"allow":["GET"]}}],"collection":[{"href":"https:\/\/leclosdesaulnes.com\/index.php\/wp-json\/wp\/v2\/pages"}],"about":[{"href":"https:\/\/leclosdesaulnes.com\/index.php\/wp-json\/wp\/v2\/types\/page"}],"author":[{"embeddable":true,"href":"https:\/\/leclosdesaulnes.com\/index.php\/wp-json\/wp\/v2\/users\/1"}],"replies":[{"embeddable":true,"href":"https:\/\/leclosdesaulnes.com\/index.php\/wp-json\/wp\/v2\/comments?post=196"}],"version-history":[{"count":2,"href":"https:\/\/leclosdesaulnes.com\/index.php\/wp-json\/wp\/v2\/pages\/196\/revisions"}],"predecessor-version":[{"id":199,"href":"https:\/\/leclosdesaulnes.com\/index.php\/wp-json\/wp\/v2\/pages\/196\/revisions\/199"}],"wp:attachment":[{"href":"https:\/\/leclosdesaulnes.com\/index.php\/wp-json\/wp\/v2\/media?parent=196"}],"curies":[{"name":"wp","href":"https:\/\/api.w.org\/{rel}","templated":true}]}}