{"id":3,"date":"2024-06-24T20:37:24","date_gmt":"2024-06-24T18:37:24","guid":{"rendered":"http:\/\/leclosdesaulnes.com\/?page_id=3"},"modified":"2024-07-29T22:22:32","modified_gmt":"2024-07-29T20:22:32","slug":"cgv","status":"publish","type":"page","link":"https:\/\/leclosdesaulnes.com\/index.php\/cgv\/","title":{"rendered":"CONTITIONS GENERALES DE VENTE"},"content":{"rendered":"<p>[et_pb_section fb_built=&#8221;1&#8243; _builder_version=&#8221;4.16&#8243; global_colors_info=&#8221;{}&#8221;][et_pb_row _builder_version=&#8221;4.16&#8243; background_size=&#8221;initial&#8221; background_position=&#8221;top_left&#8221; background_repeat=&#8221;repeat&#8221; global_colors_info=&#8221;{}&#8221;][et_pb_column type=&#8221;4_4&#8243; _builder_version=&#8221;4.16&#8243; custom_padding=&#8221;|||&#8221; global_colors_info=&#8221;{}&#8221; custom_padding__hover=&#8221;|||&#8221;][et_pb_text _builder_version=&#8221;4.27.0&#8243; background_size=&#8221;initial&#8221; background_position=&#8221;top_left&#8221; background_repeat=&#8221;repeat&#8221; hover_enabled=&#8221;0&#8243; global_colors_info=&#8221;{}&#8221; sticky_enabled=&#8221;0&#8243;]<\/p>\n<p><!-- divi:heading --><\/p>\n<h3>Conditions G\u00e9n\u00e9rales de Vente (CGV) &#8211; Le Clos Des Aulnes<\/h3>\n<h4>1. Objet<\/h4>\n<p>Les pr\u00e9sentes Conditions G\u00e9n\u00e9rales de Vente (CGV) r\u00e9gissent la location des g\u00eetes romantiques &#8220;Anah\u00e9&#8221; et &#8220;Ambre&#8221; propos\u00e9s par Le Clos Des Aulnes.<\/p>\n<h4>2. Tarifs<\/h4>\n<ul>\n<li>Le prix de base est de 160\u20ac par nuit en semaine (du lundi au jeudi).<\/li>\n<li>Le prix est de 190\u20ac par nuit les vendredi, samedi et veille de jours f\u00e9ri\u00e9s.<\/li>\n<\/ul>\n<h4>3. R\u00e9servation et Paiement<\/h4>\n<ul>\n<li>\n<div dir=\"auto\">Virement bancaire, Paylib ou esp\u00e8ces sur place.<\/div>\n<\/li>\n<li>\n<div dir=\"auto\">En cas de paiement en esp\u00e8ces venir r\u00e9gler sur place.<\/div>\n<\/li>\n<\/ul>\n<h4>4. Annulation et Remboursement<\/h4>\n<ul>\n<li><strong>Annulation par le locataire<\/strong> : Annulation gratuite jusqu\u2019\u00e0 7 jours avant l\u2019arriv\u00e9e.<\/li>\n<li>\n<div dir=\"auto\">Remboursement jusqu\u2019\u00e0 7 jours avant, remboursement de 50% jusqu\u2019\u00e0 72h avant et remboursement de 25% pour 48h avant. Apr\u00e8s pas de remboursement. Remboursement via Paylib ou virement.<\/div>\n<div dir=\"auto\">Pas de compensation financi\u00e8re en cas de panne d\u2019un \u00e9quipement<\/div>\n<\/li>\n<\/ul>\n<h4>5. D\u00e9p\u00f4t de Garantie<\/h4>\n<div dir=\"auto\">Ch\u00e8que de 170\u20ac (prix de la franchise de l\u2019assurance)<\/div>\n<div dir=\"auto\">Une attestation d\u2019assurance couvrant le g\u00eete peut-\u00eatre demand\u00e9 aux locataires.<\/div>\n<div dir=\"auto\">En cas de <span>dommages, le Clos des ulnes fera appel \u00e0 votre responsabilit\u00e9 civile.<\/span><\/div>\n<h4>6. Heures d&#8217;Arriv\u00e9e et de D\u00e9part<\/h4>\n<ul>\n<li><strong>Arriv\u00e9e (check-in)<\/strong> : <span> a partir de 18h (possibilit\u00e9 avant si pas de clients et moyennant un suppl\u00e9ment)<\/span><\/li>\n<li><strong>D\u00e9part (check-out)<\/strong> : <span>11h (possibilit\u00e9 plus tard si pas de clients avec suppl\u00e9ment aussi)<\/span><\/li>\n<\/ul>\n<h4>7. R\u00e8gles d\u2019utilisation<\/h4>\n<ul>\n<li dir=\"auto\">Capacit\u00e9 maximum 2 personnes par gites<\/li>\n<li dir=\"auto\">Adultes uniquement<\/li>\n<li dir=\"auto\">Animaux interdits<\/li>\n<li dir=\"auto\">Le Clos des Aulnes n&#8217;est pas tenu responsable en cas de mauvaise utilisation du mat\u00e9riel du g\u00eete.<\/li>\n<\/ul>\n<h4>8. Installations disponibles<\/h4>\n<ul>\n<li>Terrasse priv\u00e9e, sauna traditionnel, baignoire balneo, cuisine \u00e9quip\u00e9e, tv connect\u00e9e,enceinte Bluetooth, wifi, fauteuil Tantra, lit King Seize, s\u00e8che-cheveux, serviettes, linge de lit et kit d\u2019accueil salle de bain fourni, parking priv\u00e9 gratuit.<\/li>\n<li>Pour le sauna: se r\u00e9f\u00e9rer aux r\u00e8gles de s\u00e9curit\u00e9 affich\u00e9es sur ceux-ci<\/li>\n<li>Pour balneo: interdiction de mettre du gel douche, savon, bain moussant\u2026 lors de son utilisation.<\/li>\n<\/ul>\n<div dir=\"auto\">\n<h4>9. Comportement et respect<\/h4>\n<\/div>\n<ul>\n<li dir=\"auto\">F\u00eates interdites<\/li>\n<li dir=\"auto\">Pas de nuisances sonores<\/li>\n<li dir=\"auto\">Interdiction de fumer \u00e0 l\u2019int\u00e9rieur des g\u00eetes<\/li>\n<li dir=\"auto\">Respecter les lieux, ne pas d\u00e9t\u00e9riorer les meubles et les \u00e9quipements mis \u00e0 disposition et laisser les lieux propre.<\/li>\n<\/ul>\n<div dir=\"auto\">\n<h4>10. S\u00e9curit\u00e9<\/h4>\n<\/div>\n<ul>\n<li dir=\"auto\">Pr\u00e9sence de d\u00e9tecteurs de fum\u00e9e<\/li>\n<\/ul>\n<div dir=\"auto\">\n<h4>11. Entretien<\/h4>\n<\/div>\n<ul>\n<li dir=\"auto\">Les clients sont responsables de l\u2019entretien quotidien des g\u00eetes, produits et \u00e9quipements mis \u00e0 disposition<\/li>\n<li dir=\"auto\">Frais de m\u00e9nage de fin de s\u00e9jour inclus dans le prix, cependant une compensation financi\u00e8re peut \u00eatre demand\u00e9e en cas de d\u00e9t\u00e9rioration ou d\u2019\u00e9tat de salet\u00e9 anormal.<\/li>\n<li dir=\"auto\"><em><strong>Avant de partir : merci de mettre les draps et les serviettes dans le panier mis \u00e0 disposition pr\u00e8s de la baignoire, vider les poubelles et les sortir sur le pas de la porte, \u00e9teindre les lumi\u00e8res, sauna, enceinte et TV.<\/strong><\/em><\/li>\n<\/ul>\n<h4>11. Contacts<\/h4>\n<p>Pour toute question ou demande, veuillez contacter Le Clos Des Aulnes par t\u00e9l\u00e9phone au 06.76.86.88.50 ou par email \u00e0 leclosdesaulnes76@gmail.com.<\/p>\n<hr \/>\n<p>Ces CGV couvrent l&#8217;ensemble des aspects n\u00e9cessaires pour une location transparente et s\u00e9curis\u00e9e des g\u00eetes &#8220;Anah\u00e9&#8221; et &#8220;Ambre&#8221; propos\u00e9s par Le Clos Des Aulnes.<\/p>\n<p><!-- \/divi:paragraph --><\/p>\n<p>[\/et_pb_text][\/et_pb_column][\/et_pb_row][\/et_pb_section]<\/p>\n","protected":false},"excerpt":{"rendered":"<p>Conditions G\u00e9n\u00e9rales de Vente (CGV) &#8211; Le Clos Des Aulnes 1. Objet Les pr\u00e9sentes Conditions G\u00e9n\u00e9rales de Vente (CGV) r\u00e9gissent la location des g\u00eetes romantiques &#8220;Anah\u00e9&#8221; et &#8220;Ambre&#8221; propos\u00e9s par Le Clos Des Aulnes. 2. Tarifs Le prix de base est de 160\u20ac par nuit en semaine (du lundi au jeudi). Le prix est de [&hellip;]<\/p>\n","protected":false},"author":1,"featured_media":0,"parent":0,"menu_order":0,"comment_status":"closed","ping_status":"closed","template":"","meta":{"_et_pb_use_builder":"on","_et_pb_old_content":"<!-- wp:heading --><h2>Qui sommes-nous\u00a0?<\/h2><!-- \/wp:heading --><!-- wp:paragraph --><p><strong class=\"privacy-policy-tutorial\">Texte sugg\u00e9r\u00e9\u00a0: <\/strong>L\u2019adresse de notre site est\u00a0: http:\/\/leclosdesaulnes.com.<\/p><!-- \/wp:paragraph --><!-- wp:heading --><h2>Commentaires<\/h2><!-- \/wp:heading --><!-- wp:paragraph --><p><strong class=\"privacy-policy-tutorial\">Texte sugg\u00e9r\u00e9\u00a0: <\/strong>Quand vous laissez un commentaire sur notre site, les donn\u00e9es inscrites dans le formulaire de commentaire, ainsi que votre adresse IP et l\u2019agent utilisateur de votre navigateur sont collect\u00e9s pour nous aider \u00e0 la d\u00e9tection des commentaires ind\u00e9sirables.<\/p><!-- \/wp:paragraph --><!-- wp:paragraph --><p>Une cha\u00eene anonymis\u00e9e cr\u00e9\u00e9e \u00e0 partir de votre adresse e-mail (\u00e9galement appel\u00e9e hash) peut \u00eatre envoy\u00e9e au service Gravatar pour v\u00e9rifier si vous utilisez ce dernier. Les clauses de confidentialit\u00e9 du service Gravatar sont disponibles ici\u00a0: https:\/\/automattic.com\/privacy\/. Apr\u00e8s validation de votre commentaire, votre photo de profil sera visible publiquement \u00e0 cot\u00e9 de votre commentaire.<\/p><!-- \/wp:paragraph --><!-- wp:heading --><h2>M\u00e9dias<\/h2><!-- \/wp:heading --><!-- wp:paragraph --><p><strong class=\"privacy-policy-tutorial\">Texte sugg\u00e9r\u00e9\u00a0: <\/strong>Si vous t\u00e9l\u00e9versez des images sur le site, nous vous conseillons d\u2019\u00e9viter de t\u00e9l\u00e9verser des images contenant des donn\u00e9es EXIF de coordonn\u00e9es GPS. Les personnes visitant votre site peuvent t\u00e9l\u00e9charger et extraire des donn\u00e9es de localisation depuis ces images.<\/p><!-- \/wp:paragraph --><!-- wp:heading --><h2>Cookies<\/h2><!-- \/wp:heading --><!-- wp:paragraph --><p><strong class=\"privacy-policy-tutorial\">Texte sugg\u00e9r\u00e9\u00a0: <\/strong>Si vous d\u00e9posez un commentaire sur notre site, il vous sera propos\u00e9 d\u2019enregistrer votre nom, adresse e-mail et site dans des cookies. C\u2019est uniquement pour votre confort afin de ne pas avoir \u00e0 saisir ces informations si vous d\u00e9posez un autre commentaire plus tard. Ces cookies expirent au bout d\u2019un an.<\/p><!-- \/wp:paragraph --><!-- wp:paragraph --><p>Si vous vous rendez sur la page de connexion, un cookie temporaire sera cr\u00e9\u00e9 afin de d\u00e9terminer si votre navigateur accepte les cookies. Il ne contient pas de donn\u00e9es personnelles et sera supprim\u00e9 automatiquement \u00e0 la fermeture de votre navigateur.<\/p><!-- \/wp:paragraph --><!-- wp:paragraph --><p>Lorsque vous vous connecterez, nous mettrons en place un certain nombre de cookies pour enregistrer vos informations de connexion et vos pr\u00e9f\u00e9rences d\u2019\u00e9cran. La dur\u00e9e de vie d\u2019un cookie de connexion est de deux jours, celle d\u2019un cookie d\u2019option d\u2019\u00e9cran est d\u2019un an. Si vous cochez \u00ab\u00a0Se souvenir de moi\u00a0\u00bb, votre cookie de connexion sera conserv\u00e9 pendant deux semaines. Si vous vous d\u00e9connectez de votre compte, le cookie de connexion sera effac\u00e9.<\/p><!-- \/wp:paragraph --><!-- wp:paragraph --><p>En modifiant ou en publiant une publication, un cookie suppl\u00e9mentaire sera enregistr\u00e9 dans votre navigateur. Ce cookie ne comprend aucune donn\u00e9e personnelle. Il indique simplement l\u2019ID de la publication que vous venez de modifier. Il expire au bout d\u2019un jour.<\/p><!-- \/wp:paragraph --><!-- wp:heading --><h2>Contenu embarqu\u00e9 depuis d\u2019autres sites<\/h2><!-- \/wp:heading --><!-- wp:paragraph --><p><strong class=\"privacy-policy-tutorial\">Texte sugg\u00e9r\u00e9\u00a0: <\/strong>Les articles de ce site peuvent inclure des contenus int\u00e9gr\u00e9s (par exemple des vid\u00e9os, images, articles\u2026). Le contenu int\u00e9gr\u00e9 depuis d\u2019autres sites se comporte de la m\u00eame mani\u00e8re que si le visiteur se rendait sur cet autre site.<\/p><!-- \/wp:paragraph --><!-- wp:paragraph --><p>Ces sites web pourraient collecter des donn\u00e9es sur vous, utiliser des cookies, embarquer des outils de suivis tiers, suivre vos interactions avec ces contenus embarqu\u00e9s si vous disposez d\u2019un compte connect\u00e9 sur leur site web.<\/p><!-- \/wp:paragraph --><!-- wp:heading --><h2>Utilisation et transmission de vos donn\u00e9es personnelles<\/h2><!-- \/wp:heading --><!-- wp:paragraph --><p><strong class=\"privacy-policy-tutorial\">Texte sugg\u00e9r\u00e9\u00a0: <\/strong>Si vous demandez une r\u00e9initialisation de votre mot de passe, votre adresse IP sera incluse dans l\u2019e-mail de r\u00e9initialisation.<\/p><!-- \/wp:paragraph --><!-- wp:heading --><h2>Dur\u00e9es de stockage de vos donn\u00e9es<\/h2><!-- \/wp:heading --><!-- wp:paragraph --><p><strong class=\"privacy-policy-tutorial\">Texte sugg\u00e9r\u00e9\u00a0: <\/strong>Si vous laissez un commentaire, le commentaire et ses m\u00e9tadonn\u00e9es sont conserv\u00e9s ind\u00e9finiment. Cela permet de reconna\u00eetre et approuver automatiquement les commentaires suivants au lieu de les laisser dans la file de mod\u00e9ration.<\/p><!-- \/wp:paragraph --><!-- wp:paragraph --><p>Pour les comptes qui s\u2019inscrivent sur notre site (le cas \u00e9ch\u00e9ant), nous stockons \u00e9galement les donn\u00e9es personnelles indiqu\u00e9es dans leur profil. Tous les comptes peuvent voir, modifier ou supprimer leurs informations personnelles \u00e0 tout moment (\u00e0 l\u2019exception de leur identifiant). Les gestionnaires du site peuvent aussi voir et modifier ces informations.<\/p><!-- \/wp:paragraph --><!-- wp:heading --><h2>Les droits que vous avez sur vos donn\u00e9es<\/h2><!-- \/wp:heading --><!-- wp:paragraph --><p><strong class=\"privacy-policy-tutorial\">Texte sugg\u00e9r\u00e9\u00a0: <\/strong>Si vous avez un compte ou si vous avez laiss\u00e9 des commentaires sur le site, vous pouvez demander \u00e0 recevoir un fichier contenant toutes les donn\u00e9es personnelles que nous poss\u00e9dons \u00e0 votre sujet, incluant celles que vous nous avez fournies. Vous pouvez \u00e9galement demander la suppression des donn\u00e9es personnelles vous concernant. Cela ne prend pas en compte les donn\u00e9es stock\u00e9es \u00e0 des fins administratives, l\u00e9gales ou pour des raisons de s\u00e9curit\u00e9.<\/p><!-- \/wp:paragraph --><!-- wp:heading --><h2>Transmission de vos donn\u00e9es personnelles<\/h2><!-- \/wp:heading --><!-- wp:paragraph --><p><strong class=\"privacy-policy-tutorial\">Texte sugg\u00e9r\u00e9\u00a0: <\/strong>Les commentaires des visiteurs peuvent \u00eatre v\u00e9rifi\u00e9s \u00e0 l\u2019aide d\u2019un service automatis\u00e9 de d\u00e9tection des commentaires ind\u00e9sirables.<\/p><!-- \/wp:paragraph -->","_et_gb_content_width":"","footnotes":""},"class_list":["post-3","page","type-page","status-publish","hentry"],"yoast_head":"<!-- This site is optimized with the Yoast SEO plugin v25.1 - https:\/\/yoast.com\/wordpress\/plugins\/seo\/ -->\n<title>CONTITIONS GENERALES DE VENTE - Le Clos des Aulnes<\/title>\n<meta name=\"robots\" content=\"index, follow, max-snippet:-1, max-image-preview:large, max-video-preview:-1\" \/>\n<link rel=\"canonical\" href=\"https:\/\/leclosdesaulnes.com\/index.php\/cgv\/\" \/>\n<meta property=\"og:locale\" content=\"en_US\" \/>\n<meta property=\"og:type\" content=\"article\" \/>\n<meta property=\"og:title\" content=\"CONTITIONS GENERALES DE VENTE - Le Clos des Aulnes\" \/>\n<meta property=\"og:description\" content=\"Conditions G\u00e9n\u00e9rales de Vente (CGV) - Le Clos Des Aulnes 1. Objet Les pr\u00e9sentes Conditions G\u00e9n\u00e9rales de Vente (CGV) r\u00e9gissent la location des g\u00eetes romantiques &quot;Anah\u00e9&quot; et &quot;Ambre&quot; propos\u00e9s par Le Clos Des Aulnes. 2. Tarifs Le prix de base est de 160\u20ac par nuit en semaine (du lundi au jeudi). Le prix est de [&hellip;]\" \/>\n<meta property=\"og:url\" content=\"https:\/\/leclosdesaulnes.com\/index.php\/cgv\/\" \/>\n<meta property=\"og:site_name\" content=\"Le Clos des Aulnes\" \/>\n<meta property=\"article:modified_time\" content=\"2024-07-29T20:22:32+00:00\" \/>\n<meta name=\"twitter:card\" content=\"summary_large_image\" \/>\n<meta name=\"twitter:label1\" content=\"Est. reading time\" \/>\n\t<meta name=\"twitter:data1\" content=\"3 minutes\" \/>\n<script type=\"application\/ld+json\" class=\"yoast-schema-graph\">{\"@context\":\"https:\/\/schema.org\",\"@graph\":[{\"@type\":\"WebPage\",\"@id\":\"https:\/\/leclosdesaulnes.com\/index.php\/cgv\/\",\"url\":\"https:\/\/leclosdesaulnes.com\/index.php\/cgv\/\",\"name\":\"CONTITIONS GENERALES DE VENTE - Le Clos des Aulnes\",\"isPartOf\":{\"@id\":\"https:\/\/leclosdesaulnes.com\/#website\"},\"datePublished\":\"2024-06-24T18:37:24+00:00\",\"dateModified\":\"2024-07-29T20:22:32+00:00\",\"breadcrumb\":{\"@id\":\"https:\/\/leclosdesaulnes.com\/index.php\/cgv\/#breadcrumb\"},\"inLanguage\":\"en-US\",\"potentialAction\":[{\"@type\":\"ReadAction\",\"target\":[\"https:\/\/leclosdesaulnes.com\/index.php\/cgv\/\"]}]},{\"@type\":\"BreadcrumbList\",\"@id\":\"https:\/\/leclosdesaulnes.com\/index.php\/cgv\/#breadcrumb\",\"itemListElement\":[{\"@type\":\"ListItem\",\"position\":1,\"name\":\"Accueil\",\"item\":\"https:\/\/leclosdesaulnes.com\/\"},{\"@type\":\"ListItem\",\"position\":2,\"name\":\"CONTITIONS GENERALES DE VENTE\"}]},{\"@type\":\"WebSite\",\"@id\":\"https:\/\/leclosdesaulnes.com\/#website\",\"url\":\"https:\/\/leclosdesaulnes.com\/\",\"name\":\"Le Clos des Aulnes\",\"description\":\"G\u00eetes romantiques\",\"potentialAction\":[{\"@type\":\"SearchAction\",\"target\":{\"@type\":\"EntryPoint\",\"urlTemplate\":\"https:\/\/leclosdesaulnes.com\/?s={search_term_string}\"},\"query-input\":{\"@type\":\"PropertyValueSpecification\",\"valueRequired\":true,\"valueName\":\"search_term_string\"}}],\"inLanguage\":\"en-US\"}]}<\/script>\n<!-- \/ Yoast SEO plugin. -->","yoast_head_json":{"title":"CONTITIONS GENERALES DE VENTE - Le Clos des Aulnes","robots":{"index":"index","follow":"follow","max-snippet":"max-snippet:-1","max-image-preview":"max-image-preview:large","max-video-preview":"max-video-preview:-1"},"canonical":"https:\/\/leclosdesaulnes.com\/index.php\/cgv\/","og_locale":"en_US","og_type":"article","og_title":"CONTITIONS GENERALES DE VENTE - Le Clos des Aulnes","og_description":"Conditions G\u00e9n\u00e9rales de Vente (CGV) - Le Clos Des Aulnes 1. Objet Les pr\u00e9sentes Conditions G\u00e9n\u00e9rales de Vente (CGV) r\u00e9gissent la location des g\u00eetes romantiques \"Anah\u00e9\" et \"Ambre\" propos\u00e9s par Le Clos Des Aulnes. 2. Tarifs Le prix de base est de 160\u20ac par nuit en semaine (du lundi au jeudi). Le prix est de [&hellip;]","og_url":"https:\/\/leclosdesaulnes.com\/index.php\/cgv\/","og_site_name":"Le Clos des Aulnes","article_modified_time":"2024-07-29T20:22:32+00:00","twitter_card":"summary_large_image","twitter_misc":{"Est. reading time":"3 minutes"},"schema":{"@context":"https:\/\/schema.org","@graph":[{"@type":"WebPage","@id":"https:\/\/leclosdesaulnes.com\/index.php\/cgv\/","url":"https:\/\/leclosdesaulnes.com\/index.php\/cgv\/","name":"CONTITIONS GENERALES DE VENTE - Le Clos des Aulnes","isPartOf":{"@id":"https:\/\/leclosdesaulnes.com\/#website"},"datePublished":"2024-06-24T18:37:24+00:00","dateModified":"2024-07-29T20:22:32+00:00","breadcrumb":{"@id":"https:\/\/leclosdesaulnes.com\/index.php\/cgv\/#breadcrumb"},"inLanguage":"en-US","potentialAction":[{"@type":"ReadAction","target":["https:\/\/leclosdesaulnes.com\/index.php\/cgv\/"]}]},{"@type":"BreadcrumbList","@id":"https:\/\/leclosdesaulnes.com\/index.php\/cgv\/#breadcrumb","itemListElement":[{"@type":"ListItem","position":1,"name":"Accueil","item":"https:\/\/leclosdesaulnes.com\/"},{"@type":"ListItem","position":2,"name":"CONTITIONS GENERALES DE VENTE"}]},{"@type":"WebSite","@id":"https:\/\/leclosdesaulnes.com\/#website","url":"https:\/\/leclosdesaulnes.com\/","name":"Le Clos des Aulnes","description":"G\u00eetes romantiques","potentialAction":[{"@type":"SearchAction","target":{"@type":"EntryPoint","urlTemplate":"https:\/\/leclosdesaulnes.com\/?s={search_term_string}"},"query-input":{"@type":"PropertyValueSpecification","valueRequired":true,"valueName":"search_term_string"}}],"inLanguage":"en-US"}]}},"_links":{"self":[{"href":"https:\/\/leclosdesaulnes.com\/index.php\/wp-json\/wp\/v2\/pages\/3","targetHints":{"allow":["GET"]}}],"collection":[{"href":"https:\/\/leclosdesaulnes.com\/index.php\/wp-json\/wp\/v2\/pages"}],"about":[{"href":"https:\/\/leclosdesaulnes.com\/index.php\/wp-json\/wp\/v2\/types\/page"}],"author":[{"embeddable":true,"href":"https:\/\/leclosdesaulnes.com\/index.php\/wp-json\/wp\/v2\/users\/1"}],"replies":[{"embeddable":true,"href":"https:\/\/leclosdesaulnes.com\/index.php\/wp-json\/wp\/v2\/comments?post=3"}],"version-history":[{"count":7,"href":"https:\/\/leclosdesaulnes.com\/index.php\/wp-json\/wp\/v2\/pages\/3\/revisions"}],"predecessor-version":[{"id":193,"href":"https:\/\/leclosdesaulnes.com\/index.php\/wp-json\/wp\/v2\/pages\/3\/revisions\/193"}],"wp:attachment":[{"href":"https:\/\/leclosdesaulnes.com\/index.php\/wp-json\/wp\/v2\/media?parent=3"}],"curies":[{"name":"wp","href":"https:\/\/api.w.org\/{rel}","templated":true}]}}